{"id":10023,"date":"2021-06-01T16:32:23","date_gmt":"2021-06-01T14:32:23","guid":{"rendered":"https:\/\/basysdat.dev.goeasttest.cloud\/leitbild\/"},"modified":"2021-09-13T16:50:07","modified_gmt":"2021-09-13T14:50:07","slug":"mission","status":"publish","type":"page","link":"https:\/\/www.basysdata.ch\/fr\/mission\/","title":{"rendered":"Mission"},"content":{"rendered":"<div data-colibri-id=\"10023-c1\" class=\"style-4394 style-local-10023-c1 position-relative\">\r\n  <!---->\r\n  <div data-colibri-component=\"section\" data-colibri-id=\"10023-c2\" id=\"ueberuns-header\" class=\"h-section h-section-global-spacing d-flex align-items-lg-center align-items-md-center align-items-center style-4395 style-local-10023-c2 position-relative\">\r\n    <div class=\"background-wrapper\">\r\n      <div class=\"background-layer background-layer-media-container-lg\">\r\n        <div data-enabled=\"true\" data-colibri-component=\"parallax\" class=\"background-layer paraxify lazyload\" model-id=\"10023-c2\" media=\"desktop\" is-preview=\"true\" style=\"background-image:inherit;\" data-bg-image=\"url(&quot;https:\/\/www.basysdata.ch\/wp-content\/uploads\/2021\/03\/cropped-IMG_8780-1.jpg&quot;)\"><\/div>\r\n        <div class=\"overlay-layer\">\r\n          <div class=\"overlay-image-layer\" style=\"background-color: rgb(90, 157, 150); opacity: 0.24;\"><\/div>\r\n        <\/div>\r\n      <\/div>\r\n      <div class=\"background-layer background-layer-media-container-md\">\r\n        <!---->\r\n        <div class=\"overlay-layer\">\r\n          <div class=\"overlay-image-layer\" style=\"background-color: rgb(90, 157, 150); opacity: 0.24;\"><\/div>\r\n        <\/div>\r\n      <\/div>\r\n      <div class=\"background-layer background-layer-media-container\">\r\n        <!---->\r\n        <div class=\"overlay-layer\">\r\n          <div class=\"overlay-image-layer\" style=\"background-color: rgb(90, 157, 150); opacity: 0.24;\"><\/div>\r\n        <\/div>\r\n      <\/div>\r\n    <\/div>\r\n    <!---->\r\n    <div class=\"h-section-grid-container h-section-boxed-container\">\r\n      <!---->\r\n      <div data-colibri-id=\"10023-c3\" class=\"h-row-container gutters-row-lg-0 gutters-row-md-0 gutters-row-0 gutters-row-v-lg-0 gutters-row-v-md-0 gutters-row-v-0 style-4396 style-local-10023-c3 position-relative\">\r\n        <!---->\r\n        <div class=\"h-row justify-content-lg-start justify-content-md-start justify-content-start align-items-lg-stretch align-items-md-stretch align-items-stretch gutters-col-lg-0 gutters-col-md-0 gutters-col-0 gutters-col-v-lg-0 gutters-col-v-md-0 gutters-col-v-0\">\r\n          <!---->\r\n          <div class=\"h-column h-column-container d-flex h-col-lg-auto h-col-md-auto h-col-auto style-4397-outer style-local-10023-c4-outer\">\r\n            <div data-colibri-id=\"10023-c4\" class=\"d-flex h-flex-basis h-column__inner h-px-lg-0 h-px-md-0 h-px-0 v-inner-lg-0 v-inner-md-0 v-inner-0 style-4397 style-local-10023-c4 position-relative\">\r\n              <!---->\r\n              <!---->\r\n              <div class=\"w-100 h-y-container h-column__content h-column__v-align flex-basis-100 align-self-lg-start align-self-md-start align-self-start\">\r\n                <!---->\r\n                <div data-colibri-id=\"10023-c5\" class=\"h-global-transition-all h-heading style-4398 style-local-10023-c5 position-relative h-element\">\r\n                  <!---->\r\n                  <div class=\"h-heading__outer style-4398 style-local-10023-c5\">\r\n                    <!---->\r\n                    <!---->\r\n                    <h1 class=\"\"><span style=\"font-family: Roboto;\">Mission<\/span> <span style=\"font-family: Lato;\"><br><\/span><\/h1>\r\n                  <\/div>\r\n                <\/div>\r\n                <div data-colibri-id=\"10023-c6\" class=\"h-text h-text-component style-4399 style-local-10023-c6 position-relative h-element\">\r\n                  <!---->\r\n                  <!---->\r\n                  <div class=\"\"><\/div>\r\n                <\/div>\r\n              <\/div>\r\n            <\/div>\r\n          <\/div>\r\n          <div class=\"h-column h-column-container d-flex h-col-lg-auto h-col-md-auto h-col-auto style-4400-outer style-local-10023-c7-outer\">\r\n            <div data-colibri-id=\"10023-c7\" class=\"d-flex h-flex-basis h-column__inner h-ui-empty-state-container h-px-lg-0 h-px-md-0 h-px-0 v-inner-lg-0 v-inner-md-0 v-inner-0 style-4400 style-local-10023-c7 position-relative\">\r\n              <!---->\r\n              <!---->\r\n              <div class=\"w-100 h-y-container h-column__content h-column__v-align flex-basis-100\">\r\n                <!---->\r\n              <\/div>\r\n            <\/div>\r\n          <\/div>\r\n        <\/div>\r\n      <\/div>\r\n    <\/div>\r\n  <\/div>\r\n  <div data-colibri-component=\"section\" data-colibri-id=\"10023-c8\" id=\"ueberuns-ueberuns\" class=\"h-section h-section-global-spacing d-flex align-items-lg-center align-items-md-center align-items-center style-4401 style-local-10023-c8 position-relative\">\r\n    <!---->\r\n    <!---->\r\n    <div class=\"h-separator\" style=\"height: 100px; bottom: calc(0px);\">\r\n      <svg style=\"fill:rgba(90, 157, 150, 0.25);transform:rotateX(180deg);\" xmlns=\"http:\/\/www.w3.org\/2000\/svg\" viewBox=\"0 0 283.5 18.8\" preserveAspectRatio=\"none\">\r\n        <polygon points=\"0 12.6 0 18.8 141.8 4.1 283.5 18.8 283.5 12.6 141.8 4 0 12.6\" opacity=\"0.25\" style=\"isolation:isolate\"><\/polygon>\r\n        <polygon points=\"283.5 12.6 283.5 6.4 141.8 4 283.5 12.6\" opacity=\"0.5\" style=\"isolation:isolate\"><\/polygon>\r\n        <polygon points=\"0 6.4 0 12.6 141.8 4 0 6.4\" opacity=\"0.5\" style=\"isolation:isolate\"><\/polygon>\r\n        <polygon points=\"0 1.2 0 6.4 141.8 4 0 1.2\" opacity=\"0.75\" style=\"isolation:isolate\"><\/polygon>\r\n        <polygon points=\"283.5 6.4 283.5 1.2 141.8 4 283.5 6.4\" opacity=\"0.75\" style=\"isolation:isolate\"><\/polygon>\r\n        <polygon points=\"0 0 0 1.2 141.8 4 283.5 1.2 283.5 0 0 0\"><\/polygon>\r\n      <\/svg>\r\n    <\/div>\r\n    <div class=\"h-section-grid-container h-section-boxed-container\">\r\n      <!---->\r\n      <div data-colibri-id=\"10023-c9\" class=\"h-row-container gutters-row-lg-2 gutters-row-md-2 gutters-row-0 gutters-row-v-lg-2 gutters-row-v-md-2 gutters-row-v-2 style-4402 style-local-10023-c9 position-relative\">\r\n        <!---->\r\n        <div class=\"h-row justify-content-lg-center justify-content-md-center justify-content-center align-items-lg-stretch align-items-md-stretch align-items-stretch gutters-col-lg-2 gutters-col-md-2 gutters-col-0 gutters-col-v-lg-2 gutters-col-v-md-2 gutters-col-v-2\">\r\n          <!---->\r\n          <div class=\"h-column h-column-container d-flex h-col-lg-auto h-col-md-auto h-col-auto style-4403-outer style-local-10023-c10-outer\">\r\n            <div data-colibri-id=\"10023-c10\" class=\"d-flex h-flex-basis h-column__inner h-px-lg-2 h-px-md-2 h-px-2 v-inner-lg-2 v-inner-md-2 v-inner-2 style-4403 style-local-10023-c10 position-relative\">\r\n              <!---->\r\n              <!---->\r\n              <div class=\"w-100 h-y-container h-column__content h-column__v-align flex-basis-100 align-self-lg-start align-self-md-start align-self-start\">\r\n                <!---->\r\n                <div data-colibri-id=\"10023-c11\" class=\"h-lead h-text h-text-component style-4404 style-local-10023-c11 position-relative h-element\">\r\n                  <!---->\r\n                  <!---->\r\n                  <div class=\"\">\r\n                    <p>Notre objectif est de maximiser la cr\u00e9ation de valeur pour nos clients. Nous restons politiquement et financi\u00e8rement ind\u00e9pendants en tant qu&rsquo;entreprise et sommes un repr\u00e9sentant technologique fiable.\r\n                      <br>\r\n                      <br>Nous vivons une culture fond\u00e9e sur le respect, la transparence, l&rsquo;\u00e9quit\u00e9, l&rsquo;esprit d&rsquo;\u00e9quipe et la confiance.\r\n                      <br>\r\n                      <br>Nous sommes attractifs et visibles en tant que fabricant sur le march\u00e9. Nous offrons la meilleure application et le meilleur service possible sur le march\u00e9 que nous servons. Gr\u00e2ce \u00e0 notre expertise (experts du domaine), nous sommes\r\n                      des personnes de contact comp\u00e9tentes.\r\n                      <br>\r\n                      <br>Nous voulons mettre de nouveaux produits\/fonctions sur le march\u00e9 sans obstacles administratifs si possible. Nos applications sont la cheville ouvri\u00e8re de la pathologie.\r\n                      <br>\r\n                      <br>Nous proposons sur le march\u00e9 des produits et des services pr\u00e9sentant les caract\u00e9ristiques suivantes : Flexibilit\u00e9, interop\u00e9rabilit\u00e9, int\u00e9gration, \u00e9volutivit\u00e9, transparence.\r\n                      <br>\r\n                      <br>Nous reconnaissons nos erreurs et communiquons ouvertement avec nos clients \u00e0 leur sujet.\r\n                      <br>\r\n                      <br>Nous r\u00e9fl\u00e9chissons \u00e0 nos d\u00e9cisions et \u00e0 nos actions et d\u00e9veloppons continuellement nos produits et notre organisation.\r\n                      <br>\r\n                      <br>\r\n                    <\/p>\r\n                  <\/div>\r\n                <\/div>\r\n              <\/div>\r\n            <\/div>\r\n          <\/div>\r\n        <\/div>\r\n      <\/div>\r\n    <\/div>\r\n  <\/div>\r\n<\/div>","protected":false},"excerpt":{"rendered":"<p>Mission Notre objectif est de maximiser la cr\u00e9ation de valeur pour nos clients. Nous restons politiquement et financi\u00e8rement ind\u00e9pendants en tant qu&rsquo;entreprise et sommes un repr\u00e9sentant technologique fiable. Nous vivons une culture fond\u00e9e sur le respect, la transparence, l&rsquo;\u00e9quit\u00e9, l&rsquo;esprit d&rsquo;\u00e9quipe et la confiance. Nous sommes attractifs et visibles en tant que fabricant sur le [&hellip;]<\/p>\n","protected":false},"author":4,"featured_media":0,"parent":0,"menu_order":0,"comment_status":"closed","ping_status":"closed","template":"page-templates\/full-width-page.php","meta":[],"yoast_head":"<!-- This site is optimized with the Yoast SEO plugin v20.6 - https:\/\/yoast.com\/wordpress\/plugins\/seo\/ -->\n<title>Mission - Basys Data GmbH<\/title>\n<meta name=\"description\" content=\"Notre objectif est de maximiser la cr\u00e9ation de valeur pour nos clients. Nous restons politiquement et financi\u00e8rement ind\u00e9pendants en tant qu&#039;entreprise et sommes un repr\u00e9sentant technologique fiable.\" \/>\n<meta name=\"robots\" content=\"index, follow, max-snippet:-1, max-image-preview:large, max-video-preview:-1\" \/>\n<link rel=\"canonical\" href=\"https:\/\/www.basysdata.ch\/fr\/mission\/\" \/>\n<meta property=\"og:locale\" content=\"fr_FR\" \/>\n<meta property=\"og:type\" content=\"article\" \/>\n<meta property=\"og:title\" content=\"Mission - Basys Data GmbH\" \/>\n<meta property=\"og:description\" content=\"Notre objectif est de maximiser la cr\u00e9ation de valeur pour nos clients. Nous restons politiquement et financi\u00e8rement ind\u00e9pendants en tant qu&#039;entreprise et sommes un repr\u00e9sentant technologique fiable.\" \/>\n<meta property=\"og:url\" content=\"https:\/\/www.basysdata.ch\/fr\/mission\/\" \/>\n<meta property=\"og:site_name\" content=\"Basys Data GmbH\" \/>\n<meta property=\"article:modified_time\" content=\"2021-09-13T14:50:07+00:00\" \/>\n<meta name=\"twitter:card\" content=\"summary_large_image\" \/>\n<meta name=\"twitter:label1\" content=\"Dur\u00e9e de lecture estim\u00e9e\" \/>\n\t<meta name=\"twitter:data1\" content=\"1 minute\" \/>\n<script type=\"application\/ld+json\" class=\"yoast-schema-graph\">{\"@context\":\"https:\/\/schema.org\",\"@graph\":[{\"@type\":\"WebPage\",\"@id\":\"https:\/\/www.basysdata.ch\/fr\/mission\/\",\"url\":\"https:\/\/www.basysdata.ch\/fr\/mission\/\",\"name\":\"Mission - Basys Data GmbH\",\"isPartOf\":{\"@id\":\"https:\/\/www.basysdata.ch\/fr\/#website\"},\"datePublished\":\"2021-06-01T14:32:23+00:00\",\"dateModified\":\"2021-09-13T14:50:07+00:00\",\"description\":\"Notre objectif est de maximiser la cr\u00e9ation de valeur pour nos clients. Nous restons politiquement et financi\u00e8rement ind\u00e9pendants en tant qu'entreprise et sommes un repr\u00e9sentant technologique fiable.\",\"breadcrumb\":{\"@id\":\"https:\/\/www.basysdata.ch\/fr\/mission\/#breadcrumb\"},\"inLanguage\":\"fr-FR\",\"potentialAction\":[{\"@type\":\"ReadAction\",\"target\":[\"https:\/\/www.basysdata.ch\/fr\/mission\/\"]}]},{\"@type\":\"BreadcrumbList\",\"@id\":\"https:\/\/www.basysdata.ch\/fr\/mission\/#breadcrumb\",\"itemListElement\":[{\"@type\":\"ListItem\",\"position\":1,\"name\":\"Startseite\",\"item\":\"https:\/\/www.basysdata.ch\/fr\/\"},{\"@type\":\"ListItem\",\"position\":2,\"name\":\"Mission\"}]},{\"@type\":\"WebSite\",\"@id\":\"https:\/\/www.basysdata.ch\/fr\/#website\",\"url\":\"https:\/\/www.basysdata.ch\/fr\/\",\"name\":\"Basys Data GmbH\",\"description\":\"Mehr Effizienz f\u00fcr Ihr Pathologielabor\",\"publisher\":{\"@id\":\"https:\/\/www.basysdata.ch\/fr\/#organization\"},\"potentialAction\":[{\"@type\":\"SearchAction\",\"target\":{\"@type\":\"EntryPoint\",\"urlTemplate\":\"https:\/\/www.basysdata.ch\/fr\/?s={search_term_string}\"},\"query-input\":\"required name=search_term_string\"}],\"inLanguage\":\"fr-FR\"},{\"@type\":\"Organization\",\"@id\":\"https:\/\/www.basysdata.ch\/fr\/#organization\",\"name\":\"Basys Data GmbH\",\"url\":\"https:\/\/www.basysdata.ch\/fr\/\",\"logo\":{\"@type\":\"ImageObject\",\"inLanguage\":\"fr-FR\",\"@id\":\"https:\/\/www.basysdata.ch\/fr\/#\/schema\/logo\/image\/\",\"url\":\"https:\/\/www.basysdata.ch\/wp-content\/uploads\/2021\/07\/basys.png\",\"contentUrl\":\"https:\/\/www.basysdata.ch\/wp-content\/uploads\/2021\/07\/basys.png\",\"width\":180,\"height\":80,\"caption\":\"Basys Data GmbH\"},\"image\":{\"@id\":\"https:\/\/www.basysdata.ch\/fr\/#\/schema\/logo\/image\/\"},\"sameAs\":[\"https:\/\/www.linkedin.com\/company\/basysdata\/\"]}]}<\/script>\n<!-- \/ Yoast SEO plugin. -->","yoast_head_json":{"title":"Mission - Basys Data GmbH","description":"Notre objectif est de maximiser la cr\u00e9ation de valeur pour nos clients. Nous restons politiquement et financi\u00e8rement ind\u00e9pendants en tant qu'entreprise et sommes un repr\u00e9sentant technologique fiable.","robots":{"index":"index","follow":"follow","max-snippet":"max-snippet:-1","max-image-preview":"max-image-preview:large","max-video-preview":"max-video-preview:-1"},"canonical":"https:\/\/www.basysdata.ch\/fr\/mission\/","og_locale":"fr_FR","og_type":"article","og_title":"Mission - Basys Data GmbH","og_description":"Notre objectif est de maximiser la cr\u00e9ation de valeur pour nos clients. Nous restons politiquement et financi\u00e8rement ind\u00e9pendants en tant qu'entreprise et sommes un repr\u00e9sentant technologique fiable.","og_url":"https:\/\/www.basysdata.ch\/fr\/mission\/","og_site_name":"Basys Data GmbH","article_modified_time":"2021-09-13T14:50:07+00:00","twitter_card":"summary_large_image","twitter_misc":{"Dur\u00e9e de lecture estim\u00e9e":"1 minute"},"schema":{"@context":"https:\/\/schema.org","@graph":[{"@type":"WebPage","@id":"https:\/\/www.basysdata.ch\/fr\/mission\/","url":"https:\/\/www.basysdata.ch\/fr\/mission\/","name":"Mission - Basys Data GmbH","isPartOf":{"@id":"https:\/\/www.basysdata.ch\/fr\/#website"},"datePublished":"2021-06-01T14:32:23+00:00","dateModified":"2021-09-13T14:50:07+00:00","description":"Notre objectif est de maximiser la cr\u00e9ation de valeur pour nos clients. Nous restons politiquement et financi\u00e8rement ind\u00e9pendants en tant qu'entreprise et sommes un repr\u00e9sentant technologique fiable.","breadcrumb":{"@id":"https:\/\/www.basysdata.ch\/fr\/mission\/#breadcrumb"},"inLanguage":"fr-FR","potentialAction":[{"@type":"ReadAction","target":["https:\/\/www.basysdata.ch\/fr\/mission\/"]}]},{"@type":"BreadcrumbList","@id":"https:\/\/www.basysdata.ch\/fr\/mission\/#breadcrumb","itemListElement":[{"@type":"ListItem","position":1,"name":"Startseite","item":"https:\/\/www.basysdata.ch\/fr\/"},{"@type":"ListItem","position":2,"name":"Mission"}]},{"@type":"WebSite","@id":"https:\/\/www.basysdata.ch\/fr\/#website","url":"https:\/\/www.basysdata.ch\/fr\/","name":"Basys Data GmbH","description":"Mehr Effizienz f\u00fcr Ihr Pathologielabor","publisher":{"@id":"https:\/\/www.basysdata.ch\/fr\/#organization"},"potentialAction":[{"@type":"SearchAction","target":{"@type":"EntryPoint","urlTemplate":"https:\/\/www.basysdata.ch\/fr\/?s={search_term_string}"},"query-input":"required name=search_term_string"}],"inLanguage":"fr-FR"},{"@type":"Organization","@id":"https:\/\/www.basysdata.ch\/fr\/#organization","name":"Basys Data GmbH","url":"https:\/\/www.basysdata.ch\/fr\/","logo":{"@type":"ImageObject","inLanguage":"fr-FR","@id":"https:\/\/www.basysdata.ch\/fr\/#\/schema\/logo\/image\/","url":"https:\/\/www.basysdata.ch\/wp-content\/uploads\/2021\/07\/basys.png","contentUrl":"https:\/\/www.basysdata.ch\/wp-content\/uploads\/2021\/07\/basys.png","width":180,"height":80,"caption":"Basys Data GmbH"},"image":{"@id":"https:\/\/www.basysdata.ch\/fr\/#\/schema\/logo\/image\/"},"sameAs":["https:\/\/www.linkedin.com\/company\/basysdata\/"]}]}},"_links":{"self":[{"href":"https:\/\/www.basysdata.ch\/fr\/wp-json\/wp\/v2\/pages\/10023"}],"collection":[{"href":"https:\/\/www.basysdata.ch\/fr\/wp-json\/wp\/v2\/pages"}],"about":[{"href":"https:\/\/www.basysdata.ch\/fr\/wp-json\/wp\/v2\/types\/page"}],"author":[{"embeddable":true,"href":"https:\/\/www.basysdata.ch\/fr\/wp-json\/wp\/v2\/users\/4"}],"replies":[{"embeddable":true,"href":"https:\/\/www.basysdata.ch\/fr\/wp-json\/wp\/v2\/comments?post=10023"}],"version-history":[{"count":4,"href":"https:\/\/www.basysdata.ch\/fr\/wp-json\/wp\/v2\/pages\/10023\/revisions"}],"predecessor-version":[{"id":10923,"href":"https:\/\/www.basysdata.ch\/fr\/wp-json\/wp\/v2\/pages\/10023\/revisions\/10923"}],"wp:attachment":[{"href":"https:\/\/www.basysdata.ch\/fr\/wp-json\/wp\/v2\/media?parent=10023"}],"curies":[{"name":"wp","href":"https:\/\/api.w.org\/{rel}","templated":true}]}}