{"id":10293,"date":"2021-05-26T16:41:08","date_gmt":"2021-05-26T14:41:08","guid":{"rendered":"https:\/\/basysdat.dev.goeasttest.cloud\/training\/"},"modified":"2021-09-13T16:49:47","modified_gmt":"2021-09-13T14:49:47","slug":"formation","status":"publish","type":"page","link":"https:\/\/www.basysdata.ch\/fr\/formation\/","title":{"rendered":"Formation"},"content":{"rendered":"<div data-colibri-id=\"10293-c1\" class=\"style-4048 style-local-10293-c1 position-relative\">\r\n  <!---->\r\n  <div data-colibri-component=\"section\" data-colibri-id=\"10293-c2\" id=\"home-header\" class=\"h-section h-section-global-spacing d-flex align-items-lg-center align-items-md-center align-items-center style-4049 style-local-10293-c2 position-relative\">\r\n    <div class=\"background-wrapper\">\r\n      <div class=\"background-layer background-layer-media-container-lg\">\r\n        <div data-enabled=\"true\" data-colibri-component=\"parallax\" class=\"background-layer paraxify lazyload\" model-id=\"10293-c2\" media=\"desktop\" is-preview=\"true\" style=\"background-image:inherit;\" data-bg-image=\"url(&quot;https:\/\/www.basysdata.ch\/wp-content\/uploads\/2021\/06\/cropped-lampe-scaled-2.jpg&quot;)\"><\/div>\r\n        <div class=\"overlay-layer\">\r\n          <div class=\"overlay-image-layer\" style=\"background-color: rgb(90, 157, 150); opacity: 0.43;\"><\/div>\r\n        <\/div>\r\n      <\/div>\r\n      <div class=\"background-layer background-layer-media-container-md\">\r\n        <!---->\r\n        <div class=\"overlay-layer\">\r\n          <div class=\"overlay-image-layer\" style=\"background-color: rgb(90, 157, 150); opacity: 0.43;\"><\/div>\r\n        <\/div>\r\n      <\/div>\r\n      <div class=\"background-layer background-layer-media-container\">\r\n        <!---->\r\n        <div class=\"overlay-layer\">\r\n          <div class=\"overlay-image-layer\" style=\"background-color: rgb(90, 157, 150); opacity: 0.43;\"><\/div>\r\n        <\/div>\r\n      <\/div>\r\n    <\/div>\r\n    <!---->\r\n    <div class=\"h-section-grid-container h-section-boxed-container\">\r\n      <!---->\r\n      <div data-colibri-id=\"10293-c3\" class=\"h-row-container gutters-row-lg-0 gutters-row-md-0 gutters-row-0 gutters-row-v-lg-0 gutters-row-v-md-0 gutters-row-v-0 style-4050 style-local-10293-c3 position-relative\">\r\n        <!---->\r\n        <div class=\"h-row justify-content-lg-start justify-content-md-start justify-content-start align-items-lg-stretch align-items-md-stretch align-items-stretch gutters-col-lg-0 gutters-col-md-0 gutters-col-0 gutters-col-v-lg-0 gutters-col-v-md-0 gutters-col-v-0\">\r\n          <!---->\r\n          <div class=\"h-column h-column-container d-flex h-col-lg-auto h-col-md-auto h-col-auto style-4051-outer style-local-10293-c4-outer\">\r\n            <div data-colibri-id=\"10293-c4\" class=\"d-flex h-flex-basis h-column__inner h-px-lg-0 h-px-md-0 h-px-0 v-inner-lg-0 v-inner-md-0 v-inner-0 style-4051 style-local-10293-c4 position-relative\">\r\n              <!---->\r\n              <!---->\r\n              <div class=\"w-100 h-y-container h-column__content h-column__v-align flex-basis-100 align-self-lg-start align-self-md-start align-self-start\">\r\n                <!---->\r\n                <div data-colibri-id=\"10293-c5\" class=\"h-global-transition-all h-heading style-4052 style-local-10293-c5 position-relative h-element\">\r\n                  <!---->\r\n                  <div class=\"h-heading__outer style-4052 style-local-10293-c5\">\r\n                    <!---->\r\n                    <!---->\r\n                    <h3 class=\"\"><span style=\"font-family: Roboto;\">Apprenez \u00e0 utiliser PathoWin+ encore plus efficacement au quotidien<\/span><\/h3>\r\n                  <\/div>\r\n                <\/div>\r\n                <div data-colibri-id=\"10293-c6\" class=\"h-text h-text-component style-4053 style-local-10293-c6 position-relative h-element\">\r\n                  <!---->\r\n                  <!---->\r\n                  <div class=\"\">\r\n                    <p>&nbsp;<\/p>\r\n                  <\/div>\r\n                <\/div>\r\n              <\/div>\r\n            <\/div>\r\n          <\/div>\r\n          <div class=\"h-column h-column-container d-flex h-col-lg-auto h-col-md-auto h-col-auto style-4054-outer style-local-10293-c7-outer\">\r\n            <div data-colibri-id=\"10293-c7\" class=\"d-flex h-flex-basis h-column__inner h-ui-empty-state-container h-px-lg-0 h-px-md-0 h-px-0 v-inner-lg-0 v-inner-md-0 v-inner-0 style-4054 style-local-10293-c7 position-relative\">\r\n              <!---->\r\n              <!---->\r\n              <div class=\"w-100 h-y-container h-column__content h-column__v-align flex-basis-100\">\r\n                <!---->\r\n              <\/div>\r\n            <\/div>\r\n          <\/div>\r\n        <\/div>\r\n      <\/div>\r\n    <\/div>\r\n  <\/div>\r\n  <div data-colibri-component=\"section\" data-colibri-id=\"10293-c8\" id=\"home-features\" class=\"h-section h-section-global-spacing d-flex align-items-lg-center align-items-md-center align-items-center style-4055 style-local-10293-c8 position-relative\">\r\n    <!---->\r\n    <!---->\r\n    <div class=\"h-separator\" style=\"height: 100px; bottom: calc(0px);\">\r\n      <svg style=\"fill:rgba(90, 157, 150, 0.25);transform:rotateX(180deg);\" xmlns=\"http:\/\/www.w3.org\/2000\/svg\" viewBox=\"0 0 283.5 18.8\" preserveAspectRatio=\"none\">\r\n        <polygon points=\"0 12.6 0 18.8 141.8 4.1 283.5 18.8 283.5 12.6 141.8 4 0 12.6\" opacity=\"0.25\" style=\"isolation:isolate\"><\/polygon>\r\n        <polygon points=\"283.5 12.6 283.5 6.4 141.8 4 283.5 12.6\" opacity=\"0.5\" style=\"isolation:isolate\"><\/polygon>\r\n        <polygon points=\"0 6.4 0 12.6 141.8 4 0 6.4\" opacity=\"0.5\" style=\"isolation:isolate\"><\/polygon>\r\n        <polygon points=\"0 1.2 0 6.4 141.8 4 0 1.2\" opacity=\"0.75\" style=\"isolation:isolate\"><\/polygon>\r\n        <polygon points=\"283.5 6.4 283.5 1.2 141.8 4 283.5 6.4\" opacity=\"0.75\" style=\"isolation:isolate\"><\/polygon>\r\n        <polygon points=\"0 0 0 1.2 141.8 4 283.5 1.2 283.5 0 0 0\"><\/polygon>\r\n      <\/svg>\r\n    <\/div>\r\n    <div class=\"h-section-grid-container h-section-boxed-container\">\r\n      <!---->\r\n      <div data-colibri-id=\"10293-c9\" class=\"h-row-container gutters-row-lg-2 gutters-row-md-2 gutters-row-0 gutters-row-v-lg-2 gutters-row-v-md-2 gutters-row-v-2 style-4056 style-local-10293-c9 position-relative\">\r\n        <!---->\r\n        <div class=\"h-row justify-content-lg-center justify-content-md-center justify-content-center align-items-lg-stretch align-items-md-stretch align-items-stretch gutters-col-lg-2 gutters-col-md-2 gutters-col-0 gutters-col-v-lg-2 gutters-col-v-md-2 gutters-col-v-2\">\r\n          <!---->\r\n          <div class=\"h-column h-column-container d-flex h-col-lg-auto h-col-md-auto h-col-auto style-4057-outer style-local-10293-c10-outer\">\r\n            <div data-colibri-id=\"10293-c10\" class=\"d-flex h-flex-basis h-column__inner h-px-lg-2 h-px-md-2 h-px-2 v-inner-lg-2 v-inner-md-2 v-inner-2 style-4057 style-local-10293-c10 position-relative\">\r\n              <!---->\r\n              <!---->\r\n              <div class=\"w-100 h-y-container h-column__content h-column__v-align flex-basis-100 align-self-lg-start align-self-md-start align-self-start\">\r\n                <!---->\r\n                <div data-colibri-id=\"10293-c11\" class=\"h-global-transition-all h-heading style-4058 style-local-10293-c11 position-relative h-element\">\r\n                  <!---->\r\n                  <div class=\"h-heading__outer style-4058 style-local-10293-c11\">\r\n                    <!---->\r\n                    <!---->\r\n                    <h1 class=\"\">Formation<\/h1>\r\n                  <\/div>\r\n                <\/div>\r\n              <\/div>\r\n            <\/div>\r\n          <\/div>\r\n        <\/div>\r\n      <\/div>\r\n      <div data-colibri-id=\"10293-c12\" class=\"h-row-container gutters-row-lg-2 gutters-row-md-2 gutters-row-0 gutters-row-v-lg-2 gutters-row-v-md-2 gutters-row-v-2 style-4059 style-local-10293-c12 position-relative\">\r\n        <!---->\r\n        <div class=\"h-row justify-content-lg-center justify-content-md-center justify-content-center align-items-lg-stretch align-items-md-stretch align-items-stretch gutters-col-lg-2 gutters-col-md-2 gutters-col-0 gutters-col-v-lg-2 gutters-col-v-md-2 gutters-col-v-2\">\r\n          <!---->\r\n          <div class=\"h-column h-column-container d-flex h-col-lg-auto h-col-md-auto h-col-auto style-4060-outer style-local-10293-c13-outer\">\r\n            <div data-colibri-id=\"10293-c13\" class=\"d-flex h-flex-basis h-column__inner h-px-lg-2 h-px-md-2 h-px-2 v-inner-lg-2 v-inner-md-2 v-inner-2 style-4060 style-local-10293-c13 position-relative\">\r\n              <!---->\r\n              <!---->\r\n              <div class=\"w-100 h-y-container h-column__content h-column__v-align flex-basis-100 align-self-lg-start align-self-md-start align-self-start\">\r\n                <!---->\r\n                <div data-colibri-id=\"10293-c14\" class=\"h-lead h-text h-text-component style-4061 style-local-10293-c14 position-relative h-element\">\r\n                  <!---->\r\n                  <!---->\r\n                  <div class=\"\">\r\n                    <p>Pour les clients de PathoWin+, Basys Data propose diff\u00e9rents cours de formation sur site et en ligne.\r\n                      <br>\r\n                      <br>S\u00e9lectionnez le r\u00f4le d&rsquo;utilisateur souhait\u00e9 et le niveau de difficult\u00e9 de la formation. Outre la formation sp\u00e9cifique \u00e0 un r\u00f4le, il est \u00e9galement possible de r\u00e9server une formation sur les nouvelles options des nouvelles versions\r\n                      de PathoWin+.\r\n                      <br>\r\n                      <br>Des formations personnalis\u00e9es sur des sujets sp\u00e9cifiques aux clients sont \u00e9galement disponibles.\r\n                      <br>\r\n                      <br>Veuillez nous contacter si vous souhaitez en savoir plus.<\/p>\r\n                  <\/div>\r\n                <\/div>\r\n              <\/div>\r\n            <\/div>\r\n          <\/div>\r\n        <\/div>\r\n      <\/div>\r\n    <\/div>\r\n  <\/div>\r\n<\/div>","protected":false},"excerpt":{"rendered":"<p>Apprenez \u00e0 utiliser PathoWin+ encore plus efficacement au quotidien &nbsp; Formation Pour les clients de PathoWin+, Basys Data propose diff\u00e9rents cours de formation sur site et en ligne. S\u00e9lectionnez le r\u00f4le d&rsquo;utilisateur souhait\u00e9 et le niveau de difficult\u00e9 de la formation. Outre la formation sp\u00e9cifique \u00e0 un r\u00f4le, il est \u00e9galement possible de r\u00e9server une [&hellip;]<\/p>\n","protected":false},"author":4,"featured_media":0,"parent":0,"menu_order":0,"comment_status":"closed","ping_status":"closed","template":"page-templates\/full-width-page.php","meta":[],"yoast_head":"<!-- This site is optimized with the Yoast SEO plugin v20.6 - https:\/\/yoast.com\/wordpress\/plugins\/seo\/ -->\n<title>Formation - Basys Data GmbH<\/title>\n<meta name=\"description\" content=\"Pour les clients de PathoWin+, Basys Data propose diff\u00e9rents cours de formation sur site et en ligne.\" \/>\n<meta name=\"robots\" content=\"index, follow, max-snippet:-1, max-image-preview:large, max-video-preview:-1\" \/>\n<link rel=\"canonical\" href=\"https:\/\/www.basysdata.ch\/fr\/formation\/\" \/>\n<meta property=\"og:locale\" content=\"fr_FR\" \/>\n<meta property=\"og:type\" content=\"article\" \/>\n<meta property=\"og:title\" content=\"Formation - Basys Data GmbH\" \/>\n<meta property=\"og:description\" content=\"Pour les clients de PathoWin+, Basys Data propose diff\u00e9rents cours de formation sur site et en ligne.\" \/>\n<meta property=\"og:url\" content=\"https:\/\/www.basysdata.ch\/fr\/formation\/\" \/>\n<meta property=\"og:site_name\" content=\"Basys Data GmbH\" \/>\n<meta property=\"article:modified_time\" content=\"2021-09-13T14:49:47+00:00\" \/>\n<meta name=\"twitter:card\" content=\"summary_large_image\" \/>\n<script type=\"application\/ld+json\" class=\"yoast-schema-graph\">{\"@context\":\"https:\/\/schema.org\",\"@graph\":[{\"@type\":\"WebPage\",\"@id\":\"https:\/\/www.basysdata.ch\/fr\/formation\/\",\"url\":\"https:\/\/www.basysdata.ch\/fr\/formation\/\",\"name\":\"Formation - Basys Data GmbH\",\"isPartOf\":{\"@id\":\"https:\/\/www.basysdata.ch\/fr\/#website\"},\"datePublished\":\"2021-05-26T14:41:08+00:00\",\"dateModified\":\"2021-09-13T14:49:47+00:00\",\"description\":\"Pour les clients de PathoWin+, Basys Data propose diff\u00e9rents cours de formation sur site et en ligne.\",\"breadcrumb\":{\"@id\":\"https:\/\/www.basysdata.ch\/fr\/formation\/#breadcrumb\"},\"inLanguage\":\"fr-FR\",\"potentialAction\":[{\"@type\":\"ReadAction\",\"target\":[\"https:\/\/www.basysdata.ch\/fr\/formation\/\"]}]},{\"@type\":\"BreadcrumbList\",\"@id\":\"https:\/\/www.basysdata.ch\/fr\/formation\/#breadcrumb\",\"itemListElement\":[{\"@type\":\"ListItem\",\"position\":1,\"name\":\"Startseite\",\"item\":\"https:\/\/www.basysdata.ch\/fr\/\"},{\"@type\":\"ListItem\",\"position\":2,\"name\":\"Formation\"}]},{\"@type\":\"WebSite\",\"@id\":\"https:\/\/www.basysdata.ch\/fr\/#website\",\"url\":\"https:\/\/www.basysdata.ch\/fr\/\",\"name\":\"Basys Data GmbH\",\"description\":\"Mehr Effizienz f\u00fcr Ihr Pathologielabor\",\"publisher\":{\"@id\":\"https:\/\/www.basysdata.ch\/fr\/#organization\"},\"potentialAction\":[{\"@type\":\"SearchAction\",\"target\":{\"@type\":\"EntryPoint\",\"urlTemplate\":\"https:\/\/www.basysdata.ch\/fr\/?s={search_term_string}\"},\"query-input\":\"required name=search_term_string\"}],\"inLanguage\":\"fr-FR\"},{\"@type\":\"Organization\",\"@id\":\"https:\/\/www.basysdata.ch\/fr\/#organization\",\"name\":\"Basys Data GmbH\",\"url\":\"https:\/\/www.basysdata.ch\/fr\/\",\"logo\":{\"@type\":\"ImageObject\",\"inLanguage\":\"fr-FR\",\"@id\":\"https:\/\/www.basysdata.ch\/fr\/#\/schema\/logo\/image\/\",\"url\":\"https:\/\/www.basysdata.ch\/wp-content\/uploads\/2021\/07\/basys.png\",\"contentUrl\":\"https:\/\/www.basysdata.ch\/wp-content\/uploads\/2021\/07\/basys.png\",\"width\":180,\"height\":80,\"caption\":\"Basys Data GmbH\"},\"image\":{\"@id\":\"https:\/\/www.basysdata.ch\/fr\/#\/schema\/logo\/image\/\"},\"sameAs\":[\"https:\/\/www.linkedin.com\/company\/basysdata\/\"]}]}<\/script>\n<!-- \/ Yoast SEO plugin. -->","yoast_head_json":{"title":"Formation - Basys Data GmbH","description":"Pour les clients de PathoWin+, Basys Data propose diff\u00e9rents cours de formation sur site et en ligne.","robots":{"index":"index","follow":"follow","max-snippet":"max-snippet:-1","max-image-preview":"max-image-preview:large","max-video-preview":"max-video-preview:-1"},"canonical":"https:\/\/www.basysdata.ch\/fr\/formation\/","og_locale":"fr_FR","og_type":"article","og_title":"Formation - Basys Data GmbH","og_description":"Pour les clients de PathoWin+, Basys Data propose diff\u00e9rents cours de formation sur site et en ligne.","og_url":"https:\/\/www.basysdata.ch\/fr\/formation\/","og_site_name":"Basys Data GmbH","article_modified_time":"2021-09-13T14:49:47+00:00","twitter_card":"summary_large_image","schema":{"@context":"https:\/\/schema.org","@graph":[{"@type":"WebPage","@id":"https:\/\/www.basysdata.ch\/fr\/formation\/","url":"https:\/\/www.basysdata.ch\/fr\/formation\/","name":"Formation - Basys Data GmbH","isPartOf":{"@id":"https:\/\/www.basysdata.ch\/fr\/#website"},"datePublished":"2021-05-26T14:41:08+00:00","dateModified":"2021-09-13T14:49:47+00:00","description":"Pour les clients de PathoWin+, Basys Data propose diff\u00e9rents cours de formation sur site et en ligne.","breadcrumb":{"@id":"https:\/\/www.basysdata.ch\/fr\/formation\/#breadcrumb"},"inLanguage":"fr-FR","potentialAction":[{"@type":"ReadAction","target":["https:\/\/www.basysdata.ch\/fr\/formation\/"]}]},{"@type":"BreadcrumbList","@id":"https:\/\/www.basysdata.ch\/fr\/formation\/#breadcrumb","itemListElement":[{"@type":"ListItem","position":1,"name":"Startseite","item":"https:\/\/www.basysdata.ch\/fr\/"},{"@type":"ListItem","position":2,"name":"Formation"}]},{"@type":"WebSite","@id":"https:\/\/www.basysdata.ch\/fr\/#website","url":"https:\/\/www.basysdata.ch\/fr\/","name":"Basys Data GmbH","description":"Mehr Effizienz f\u00fcr Ihr Pathologielabor","publisher":{"@id":"https:\/\/www.basysdata.ch\/fr\/#organization"},"potentialAction":[{"@type":"SearchAction","target":{"@type":"EntryPoint","urlTemplate":"https:\/\/www.basysdata.ch\/fr\/?s={search_term_string}"},"query-input":"required name=search_term_string"}],"inLanguage":"fr-FR"},{"@type":"Organization","@id":"https:\/\/www.basysdata.ch\/fr\/#organization","name":"Basys Data GmbH","url":"https:\/\/www.basysdata.ch\/fr\/","logo":{"@type":"ImageObject","inLanguage":"fr-FR","@id":"https:\/\/www.basysdata.ch\/fr\/#\/schema\/logo\/image\/","url":"https:\/\/www.basysdata.ch\/wp-content\/uploads\/2021\/07\/basys.png","contentUrl":"https:\/\/www.basysdata.ch\/wp-content\/uploads\/2021\/07\/basys.png","width":180,"height":80,"caption":"Basys Data GmbH"},"image":{"@id":"https:\/\/www.basysdata.ch\/fr\/#\/schema\/logo\/image\/"},"sameAs":["https:\/\/www.linkedin.com\/company\/basysdata\/"]}]}},"_links":{"self":[{"href":"https:\/\/www.basysdata.ch\/fr\/wp-json\/wp\/v2\/pages\/10293"}],"collection":[{"href":"https:\/\/www.basysdata.ch\/fr\/wp-json\/wp\/v2\/pages"}],"about":[{"href":"https:\/\/www.basysdata.ch\/fr\/wp-json\/wp\/v2\/types\/page"}],"author":[{"embeddable":true,"href":"https:\/\/www.basysdata.ch\/fr\/wp-json\/wp\/v2\/users\/4"}],"replies":[{"embeddable":true,"href":"https:\/\/www.basysdata.ch\/fr\/wp-json\/wp\/v2\/comments?post=10293"}],"version-history":[{"count":4,"href":"https:\/\/www.basysdata.ch\/fr\/wp-json\/wp\/v2\/pages\/10293\/revisions"}],"predecessor-version":[{"id":10896,"href":"https:\/\/www.basysdata.ch\/fr\/wp-json\/wp\/v2\/pages\/10293\/revisions\/10896"}],"wp:attachment":[{"href":"https:\/\/www.basysdata.ch\/fr\/wp-json\/wp\/v2\/media?parent=10293"}],"curies":[{"name":"wp","href":"https:\/\/api.w.org\/{rel}","templated":true}]}}