{"id":10343,"date":"2021-05-20T10:39:30","date_gmt":"2021-05-20T08:39:30","guid":{"rendered":"https:\/\/basysdat.dev.goeasttest.cloud\/ueber-uns\/"},"modified":"2021-09-13T16:51:06","modified_gmt":"2021-09-13T14:51:06","slug":"notre-profil","status":"publish","type":"page","link":"https:\/\/www.basysdata.ch\/fr\/notre-profil\/","title":{"rendered":"Notre profil"},"content":{"rendered":"<div data-colibri-id=\"10343-c1\" class=\"style-3875 style-local-10343-c1 position-relative\">\r\n  <!---->\r\n  <div data-colibri-component=\"section\" data-colibri-id=\"10343-c2\" id=\"ueberuns-header\" class=\"h-section h-section-global-spacing d-flex align-items-lg-center align-items-md-center align-items-center style-3876 style-local-10343-c2 position-relative\">\r\n    <div class=\"background-wrapper\">\r\n      <div class=\"background-layer background-layer-media-container-lg\">\r\n        <div data-enabled=\"true\" data-colibri-component=\"parallax\" class=\"background-layer paraxify lazyload\" model-id=\"10343-c2\" media=\"desktop\" is-preview=\"true\" style=\"background-image:inherit;\" data-bg-image=\"url(&quot;https:\/\/www.basysdata.ch\/wp-content\/uploads\/2021\/03\/cropped-IMG_8780-1.jpg&quot;)\"><\/div>\r\n        <div class=\"overlay-layer\">\r\n          <div class=\"overlay-image-layer\" style=\"background-color: rgb(90, 157, 150); opacity: 0.24;\"><\/div>\r\n        <\/div>\r\n      <\/div>\r\n      <div class=\"background-layer background-layer-media-container-md\">\r\n        <!---->\r\n        <div class=\"overlay-layer\">\r\n          <div class=\"overlay-image-layer\" style=\"background-color: rgb(90, 157, 150); opacity: 0.24;\"><\/div>\r\n        <\/div>\r\n      <\/div>\r\n      <div class=\"background-layer background-layer-media-container\">\r\n        <!---->\r\n        <div class=\"overlay-layer\">\r\n          <div class=\"overlay-image-layer\" style=\"background-color: rgb(90, 157, 150); opacity: 0.24;\"><\/div>\r\n        <\/div>\r\n      <\/div>\r\n    <\/div>\r\n    <!---->\r\n    <div class=\"h-section-grid-container h-section-boxed-container\">\r\n      <!---->\r\n      <div data-colibri-id=\"10343-c3\" class=\"h-row-container gutters-row-lg-0 gutters-row-md-0 gutters-row-0 gutters-row-v-lg-0 gutters-row-v-md-0 gutters-row-v-0 style-3877 style-local-10343-c3 position-relative\">\r\n        <!---->\r\n        <div class=\"h-row justify-content-lg-start justify-content-md-start justify-content-start align-items-lg-stretch align-items-md-stretch align-items-stretch gutters-col-lg-0 gutters-col-md-0 gutters-col-0 gutters-col-v-lg-0 gutters-col-v-md-0 gutters-col-v-0\">\r\n          <!---->\r\n          <div class=\"h-column h-column-container d-flex h-col-lg-auto h-col-md-auto h-col-auto style-3878-outer style-local-10343-c4-outer\">\r\n            <div data-colibri-id=\"10343-c4\" class=\"d-flex h-flex-basis h-column__inner h-px-lg-0 h-px-md-0 h-px-0 v-inner-lg-0 v-inner-md-0 v-inner-0 style-3878 style-local-10343-c4 position-relative\">\r\n              <!---->\r\n              <!---->\r\n              <div class=\"w-100 h-y-container h-column__content h-column__v-align flex-basis-100 align-self-lg-start align-self-md-start align-self-start\">\r\n                <!---->\r\n                <div data-colibri-id=\"10343-c5\" class=\"h-global-transition-all h-heading style-3879 style-local-10343-c5 position-relative h-element\">\r\n                  <!---->\r\n                  <div class=\"h-heading__outer style-3879 style-local-10343-c5\">\r\n                    <!---->\r\n                    <!---->\r\n                    <h1 class=\"\"><span style=\"font-family: Roboto;\">Notre profil<\/span><span style=\"font-family: Lato;\"><br><\/span><\/h1>\r\n                  <\/div>\r\n                <\/div>\r\n                <div data-colibri-id=\"10343-c6\" class=\"h-text h-text-component style-3880 style-local-10343-c6 position-relative h-element\">\r\n                  <!---->\r\n                  <!---->\r\n                  <div class=\"\"><\/div>\r\n                <\/div>\r\n              <\/div>\r\n            <\/div>\r\n          <\/div>\r\n          <div class=\"h-column h-column-container d-flex h-col-lg-auto h-col-md-auto h-col-auto style-3881-outer style-local-10343-c7-outer\">\r\n            <div data-colibri-id=\"10343-c7\" class=\"d-flex h-flex-basis h-column__inner h-ui-empty-state-container h-px-lg-0 h-px-md-0 h-px-0 v-inner-lg-0 v-inner-md-0 v-inner-0 style-3881 style-local-10343-c7 position-relative\">\r\n              <!---->\r\n              <!---->\r\n              <div class=\"w-100 h-y-container h-column__content h-column__v-align flex-basis-100\">\r\n                <!---->\r\n              <\/div>\r\n            <\/div>\r\n          <\/div>\r\n        <\/div>\r\n      <\/div>\r\n    <\/div>\r\n  <\/div>\r\n  <div data-colibri-component=\"section\" data-colibri-id=\"10343-c8\" id=\"ueberuns-ueberuns\" class=\"h-section h-section-global-spacing d-flex align-items-lg-center align-items-md-center align-items-center style-3882 style-local-10343-c8 position-relative\">\r\n    <!---->\r\n    <!---->\r\n    <div class=\"h-separator\" style=\"height: 100px; bottom: calc(0px);\">\r\n      <svg style=\"fill:rgba(90, 157, 150, 0.25);transform:rotateX(180deg);\" xmlns=\"http:\/\/www.w3.org\/2000\/svg\" viewBox=\"0 0 283.5 18.8\" preserveAspectRatio=\"none\">\r\n        <polygon points=\"0 12.6 0 18.8 141.8 4.1 283.5 18.8 283.5 12.6 141.8 4 0 12.6\" opacity=\"0.25\" style=\"isolation:isolate\"><\/polygon>\r\n        <polygon points=\"283.5 12.6 283.5 6.4 141.8 4 283.5 12.6\" opacity=\"0.5\" style=\"isolation:isolate\"><\/polygon>\r\n        <polygon points=\"0 6.4 0 12.6 141.8 4 0 6.4\" opacity=\"0.5\" style=\"isolation:isolate\"><\/polygon>\r\n        <polygon points=\"0 1.2 0 6.4 141.8 4 0 1.2\" opacity=\"0.75\" style=\"isolation:isolate\"><\/polygon>\r\n        <polygon points=\"283.5 6.4 283.5 1.2 141.8 4 283.5 6.4\" opacity=\"0.75\" style=\"isolation:isolate\"><\/polygon>\r\n        <polygon points=\"0 0 0 1.2 141.8 4 283.5 1.2 283.5 0 0 0\"><\/polygon>\r\n      <\/svg>\r\n    <\/div>\r\n    <div class=\"h-section-grid-container h-section-boxed-container\">\r\n      <!---->\r\n      <div data-colibri-id=\"10343-c9\" class=\"h-row-container gutters-row-lg-2 gutters-row-md-2 gutters-row-0 gutters-row-v-lg-2 gutters-row-v-md-2 gutters-row-v-2 style-3886 style-local-10343-c9 position-relative\">\r\n        <!---->\r\n        <div class=\"h-row justify-content-lg-center justify-content-md-center justify-content-center align-items-lg-stretch align-items-md-stretch align-items-stretch gutters-col-lg-2 gutters-col-md-2 gutters-col-0 gutters-col-v-lg-2 gutters-col-v-md-2 gutters-col-v-2\">\r\n          <!---->\r\n          <div class=\"h-column h-column-container d-flex h-col-lg-auto h-col-md-auto h-col-auto style-3887-outer style-local-10343-c10-outer\">\r\n            <div data-colibri-id=\"10343-c10\" class=\"d-flex h-flex-basis h-column__inner h-px-lg-2 h-px-md-2 h-px-2 v-inner-lg-2 v-inner-md-2 v-inner-2 style-3887 style-local-10343-c10 position-relative\">\r\n              <!---->\r\n              <!---->\r\n              <div class=\"w-100 h-y-container h-column__content h-column__v-align flex-basis-100 align-self-lg-start align-self-md-start align-self-start\">\r\n                <!---->\r\n                <div data-colibri-id=\"10343-c11\" class=\"h-lead h-text h-text-component style-3888 style-local-10343-c11 position-relative h-element\">\r\n                  <!---->\r\n                  <!---->\r\n                  <div class=\"\">\r\n                    <p>Basys Data est un fournisseur de services informatiques et de logiciels dans le domaine m\u00e9dical, avec un accent particulier sur la pathologie. Basys Data a plus de 25 ans d&rsquo;exp\u00e9rience dans le domaine de la pathologie et se sp\u00e9cialise\r\n                      dans l&rsquo;int\u00e9gration de syst\u00e8mes et de mat\u00e9riels existants avec ses propres logiciels.\r\n                      <br>\r\n                      <br>L&rsquo;objectif du travail de Basys Data est de rendre les flux de travail en pathologie plus efficaces.\r\n                      <br>\r\n                      <br>La sp\u00e9cialisation cons\u00e9quente dans le d\u00e9veloppement de solutions logicielles pour la pathologie ainsi que la volont\u00e9 de communiquer avec d&rsquo;autres syst\u00e8mes informatiques ont permis \u00e0 Basys Data de se constituer un profond savoir-faire\r\n                      et un r\u00e9seau dans ce domaine.\r\n                      <br>\r\n                      <br>Avec sa propre solution logicielle PathoWin+ et ses modules compl\u00e9mentaires, Basys Data est d\u00e9sormais le principal fournisseur de logiciels de pathologie en Suisse. Depuis 2018, de plus en plus de pathologies en Allemagne et en Autriche\r\n                      font \u00e9galement confiance \u00e0 Basys Data et PathoWin+. Basys Data a \u00e9t\u00e9 fond\u00e9e en 1997, mais le savoir-faire des employ\u00e9s est bas\u00e9 sur plus de 25 ans d&rsquo;activit\u00e9 dans le domaine d&rsquo;activit\u00e9 actuel de Basys Data. Les employ\u00e9s de Basys\r\n                      Data forment une \u00e9quipe motiv\u00e9e et d\u00e9vou\u00e9e, et chaque individu s&rsquo;efforce toujours d&rsquo;atteindre un succ\u00e8s maximal pour nos clients.\r\n                      <br>\r\n                      <br>\r\n                    <\/p>\r\n                  <\/div>\r\n                <\/div>\r\n              <\/div>\r\n            <\/div>\r\n          <\/div>\r\n        <\/div>\r\n      <\/div>\r\n    <\/div>\r\n  <\/div>\r\n<\/div>","protected":false},"excerpt":{"rendered":"<p>Notre profil Basys Data est un fournisseur de services informatiques et de logiciels dans le domaine m\u00e9dical, avec un accent particulier sur la pathologie. Basys Data a plus de 25 ans d&rsquo;exp\u00e9rience dans le domaine de la pathologie et se sp\u00e9cialise dans l&rsquo;int\u00e9gration de syst\u00e8mes et de mat\u00e9riels existants avec ses propres logiciels. L&rsquo;objectif du [&hellip;]<\/p>\n","protected":false},"author":5,"featured_media":0,"parent":0,"menu_order":0,"comment_status":"closed","ping_status":"closed","template":"page-templates\/full-width-page.php","meta":[],"yoast_head":"<!-- This site is optimized with the Yoast SEO plugin v20.6 - https:\/\/yoast.com\/wordpress\/plugins\/seo\/ -->\n<title>Notre profil - Basys Data GmbH<\/title>\n<meta name=\"description\" content=\"Une sp\u00e9cialisation constante dans le d\u00e9veloppement de solutions logicielles pour la pathologie et un savoir-faire et un r\u00e9seau profonds dans ce domaine.\" \/>\n<meta name=\"robots\" content=\"index, follow, max-snippet:-1, max-image-preview:large, max-video-preview:-1\" \/>\n<link rel=\"canonical\" href=\"https:\/\/www.basysdata.ch\/fr\/notre-profil\/\" \/>\n<meta property=\"og:locale\" content=\"fr_FR\" \/>\n<meta property=\"og:type\" content=\"article\" \/>\n<meta property=\"og:title\" content=\"Notre profil - Basys Data GmbH\" \/>\n<meta property=\"og:description\" content=\"Une sp\u00e9cialisation constante dans le d\u00e9veloppement de solutions logicielles pour la pathologie et un savoir-faire et un r\u00e9seau profonds dans ce domaine.\" \/>\n<meta property=\"og:url\" content=\"https:\/\/www.basysdata.ch\/fr\/notre-profil\/\" \/>\n<meta property=\"og:site_name\" content=\"Basys Data GmbH\" \/>\n<meta property=\"article:modified_time\" content=\"2021-09-13T14:51:06+00:00\" \/>\n<meta name=\"twitter:card\" content=\"summary_large_image\" \/>\n<meta name=\"twitter:label1\" content=\"Dur\u00e9e de lecture estim\u00e9e\" \/>\n\t<meta name=\"twitter:data1\" content=\"1 minute\" \/>\n<script type=\"application\/ld+json\" class=\"yoast-schema-graph\">{\"@context\":\"https:\/\/schema.org\",\"@graph\":[{\"@type\":\"WebPage\",\"@id\":\"https:\/\/www.basysdata.ch\/fr\/notre-profil\/\",\"url\":\"https:\/\/www.basysdata.ch\/fr\/notre-profil\/\",\"name\":\"Notre profil - Basys Data GmbH\",\"isPartOf\":{\"@id\":\"https:\/\/www.basysdata.ch\/fr\/#website\"},\"datePublished\":\"2021-05-20T08:39:30+00:00\",\"dateModified\":\"2021-09-13T14:51:06+00:00\",\"description\":\"Une sp\u00e9cialisation constante dans le d\u00e9veloppement de solutions logicielles pour la pathologie et un savoir-faire et un r\u00e9seau profonds dans ce domaine.\",\"breadcrumb\":{\"@id\":\"https:\/\/www.basysdata.ch\/fr\/notre-profil\/#breadcrumb\"},\"inLanguage\":\"fr-FR\",\"potentialAction\":[{\"@type\":\"ReadAction\",\"target\":[\"https:\/\/www.basysdata.ch\/fr\/notre-profil\/\"]}]},{\"@type\":\"BreadcrumbList\",\"@id\":\"https:\/\/www.basysdata.ch\/fr\/notre-profil\/#breadcrumb\",\"itemListElement\":[{\"@type\":\"ListItem\",\"position\":1,\"name\":\"Startseite\",\"item\":\"https:\/\/www.basysdata.ch\/fr\/\"},{\"@type\":\"ListItem\",\"position\":2,\"name\":\"Notre profil\"}]},{\"@type\":\"WebSite\",\"@id\":\"https:\/\/www.basysdata.ch\/fr\/#website\",\"url\":\"https:\/\/www.basysdata.ch\/fr\/\",\"name\":\"Basys Data GmbH\",\"description\":\"Mehr Effizienz f\u00fcr Ihr Pathologielabor\",\"publisher\":{\"@id\":\"https:\/\/www.basysdata.ch\/fr\/#organization\"},\"potentialAction\":[{\"@type\":\"SearchAction\",\"target\":{\"@type\":\"EntryPoint\",\"urlTemplate\":\"https:\/\/www.basysdata.ch\/fr\/?s={search_term_string}\"},\"query-input\":\"required name=search_term_string\"}],\"inLanguage\":\"fr-FR\"},{\"@type\":\"Organization\",\"@id\":\"https:\/\/www.basysdata.ch\/fr\/#organization\",\"name\":\"Basys Data GmbH\",\"url\":\"https:\/\/www.basysdata.ch\/fr\/\",\"logo\":{\"@type\":\"ImageObject\",\"inLanguage\":\"fr-FR\",\"@id\":\"https:\/\/www.basysdata.ch\/fr\/#\/schema\/logo\/image\/\",\"url\":\"https:\/\/www.basysdata.ch\/wp-content\/uploads\/2021\/07\/basys.png\",\"contentUrl\":\"https:\/\/www.basysdata.ch\/wp-content\/uploads\/2021\/07\/basys.png\",\"width\":180,\"height\":80,\"caption\":\"Basys Data GmbH\"},\"image\":{\"@id\":\"https:\/\/www.basysdata.ch\/fr\/#\/schema\/logo\/image\/\"},\"sameAs\":[\"https:\/\/www.linkedin.com\/company\/basysdata\/\"]}]}<\/script>\n<!-- \/ Yoast SEO plugin. -->","yoast_head_json":{"title":"Notre profil - Basys Data GmbH","description":"Une sp\u00e9cialisation constante dans le d\u00e9veloppement de solutions logicielles pour la pathologie et un savoir-faire et un r\u00e9seau profonds dans ce domaine.","robots":{"index":"index","follow":"follow","max-snippet":"max-snippet:-1","max-image-preview":"max-image-preview:large","max-video-preview":"max-video-preview:-1"},"canonical":"https:\/\/www.basysdata.ch\/fr\/notre-profil\/","og_locale":"fr_FR","og_type":"article","og_title":"Notre profil - Basys Data GmbH","og_description":"Une sp\u00e9cialisation constante dans le d\u00e9veloppement de solutions logicielles pour la pathologie et un savoir-faire et un r\u00e9seau profonds dans ce domaine.","og_url":"https:\/\/www.basysdata.ch\/fr\/notre-profil\/","og_site_name":"Basys Data GmbH","article_modified_time":"2021-09-13T14:51:06+00:00","twitter_card":"summary_large_image","twitter_misc":{"Dur\u00e9e de lecture estim\u00e9e":"1 minute"},"schema":{"@context":"https:\/\/schema.org","@graph":[{"@type":"WebPage","@id":"https:\/\/www.basysdata.ch\/fr\/notre-profil\/","url":"https:\/\/www.basysdata.ch\/fr\/notre-profil\/","name":"Notre profil - Basys Data GmbH","isPartOf":{"@id":"https:\/\/www.basysdata.ch\/fr\/#website"},"datePublished":"2021-05-20T08:39:30+00:00","dateModified":"2021-09-13T14:51:06+00:00","description":"Une sp\u00e9cialisation constante dans le d\u00e9veloppement de solutions logicielles pour la pathologie et un savoir-faire et un r\u00e9seau profonds dans ce domaine.","breadcrumb":{"@id":"https:\/\/www.basysdata.ch\/fr\/notre-profil\/#breadcrumb"},"inLanguage":"fr-FR","potentialAction":[{"@type":"ReadAction","target":["https:\/\/www.basysdata.ch\/fr\/notre-profil\/"]}]},{"@type":"BreadcrumbList","@id":"https:\/\/www.basysdata.ch\/fr\/notre-profil\/#breadcrumb","itemListElement":[{"@type":"ListItem","position":1,"name":"Startseite","item":"https:\/\/www.basysdata.ch\/fr\/"},{"@type":"ListItem","position":2,"name":"Notre profil"}]},{"@type":"WebSite","@id":"https:\/\/www.basysdata.ch\/fr\/#website","url":"https:\/\/www.basysdata.ch\/fr\/","name":"Basys Data GmbH","description":"Mehr Effizienz f\u00fcr Ihr Pathologielabor","publisher":{"@id":"https:\/\/www.basysdata.ch\/fr\/#organization"},"potentialAction":[{"@type":"SearchAction","target":{"@type":"EntryPoint","urlTemplate":"https:\/\/www.basysdata.ch\/fr\/?s={search_term_string}"},"query-input":"required name=search_term_string"}],"inLanguage":"fr-FR"},{"@type":"Organization","@id":"https:\/\/www.basysdata.ch\/fr\/#organization","name":"Basys Data GmbH","url":"https:\/\/www.basysdata.ch\/fr\/","logo":{"@type":"ImageObject","inLanguage":"fr-FR","@id":"https:\/\/www.basysdata.ch\/fr\/#\/schema\/logo\/image\/","url":"https:\/\/www.basysdata.ch\/wp-content\/uploads\/2021\/07\/basys.png","contentUrl":"https:\/\/www.basysdata.ch\/wp-content\/uploads\/2021\/07\/basys.png","width":180,"height":80,"caption":"Basys Data GmbH"},"image":{"@id":"https:\/\/www.basysdata.ch\/fr\/#\/schema\/logo\/image\/"},"sameAs":["https:\/\/www.linkedin.com\/company\/basysdata\/"]}]}},"_links":{"self":[{"href":"https:\/\/www.basysdata.ch\/fr\/wp-json\/wp\/v2\/pages\/10343"}],"collection":[{"href":"https:\/\/www.basysdata.ch\/fr\/wp-json\/wp\/v2\/pages"}],"about":[{"href":"https:\/\/www.basysdata.ch\/fr\/wp-json\/wp\/v2\/types\/page"}],"author":[{"embeddable":true,"href":"https:\/\/www.basysdata.ch\/fr\/wp-json\/wp\/v2\/users\/5"}],"replies":[{"embeddable":true,"href":"https:\/\/www.basysdata.ch\/fr\/wp-json\/wp\/v2\/comments?post=10343"}],"version-history":[{"count":3,"href":"https:\/\/www.basysdata.ch\/fr\/wp-json\/wp\/v2\/pages\/10343\/revisions"}],"predecessor-version":[{"id":10914,"href":"https:\/\/www.basysdata.ch\/fr\/wp-json\/wp\/v2\/pages\/10343\/revisions\/10914"}],"wp:attachment":[{"href":"https:\/\/www.basysdata.ch\/fr\/wp-json\/wp\/v2\/media?parent=10343"}],"curies":[{"name":"wp","href":"https:\/\/api.w.org\/{rel}","templated":true}]}}