{"id":9853,"date":"2021-05-26T13:15:32","date_gmt":"2021-05-26T11:15:32","guid":{"rendered":"https:\/\/basysdat.dev.goeasttest.cloud\/beratung\/"},"modified":"2021-09-13T16:48:25","modified_gmt":"2021-09-13T14:48:25","slug":"conseil","status":"publish","type":"page","link":"https:\/\/www.basysdata.ch\/fr\/conseil\/","title":{"rendered":"Conseil"},"content":{"rendered":"<div data-colibri-id=\"9853-c1\" class=\"style-3958 style-local-9853-c1 position-relative\">\r\n  <!---->\r\n  <div data-colibri-component=\"section\" data-colibri-id=\"9853-c2\" id=\"home-header\" class=\"h-section h-section-global-spacing d-flex align-items-lg-center align-items-md-center align-items-center style-3959 style-local-9853-c2 position-relative\">\r\n    <div class=\"background-wrapper\">\r\n      <div class=\"background-layer background-layer-media-container-lg\">\r\n        <div data-enabled=\"true\" data-colibri-component=\"parallax\" class=\"background-layer paraxify lazyload\" model-id=\"9853-c2\" media=\"desktop\" is-preview=\"true\" style=\"background-image:inherit;\" data-bg-image=\"url(&quot;https:\/\/www.basysdata.ch\/wp-content\/uploads\/2021\/06\/cropped-beratung.jpg&quot;)\"><\/div>\r\n        <div class=\"overlay-layer\">\r\n          <div class=\"overlay-image-layer\" style=\"background-color: rgb(90, 157, 150); opacity: 0.43;\"><\/div>\r\n        <\/div>\r\n      <\/div>\r\n      <div class=\"background-layer background-layer-media-container-md\">\r\n        <!---->\r\n        <div class=\"overlay-layer\">\r\n          <div class=\"overlay-image-layer\" style=\"background-color: rgb(90, 157, 150); opacity: 0.43;\"><\/div>\r\n        <\/div>\r\n      <\/div>\r\n      <div class=\"background-layer background-layer-media-container\">\r\n        <!---->\r\n        <div class=\"overlay-layer\">\r\n          <div class=\"overlay-image-layer\" style=\"background-color: rgb(90, 157, 150); opacity: 0.43;\"><\/div>\r\n        <\/div>\r\n      <\/div>\r\n    <\/div>\r\n    <!---->\r\n    <div class=\"h-section-grid-container h-section-boxed-container\">\r\n      <!---->\r\n      <div data-colibri-id=\"9853-c3\" class=\"h-row-container gutters-row-lg-0 gutters-row-md-0 gutters-row-0 gutters-row-v-lg-0 gutters-row-v-md-0 gutters-row-v-0 style-3960 style-local-9853-c3 position-relative\">\r\n        <!---->\r\n        <div class=\"h-row justify-content-lg-start justify-content-md-start justify-content-start align-items-lg-stretch align-items-md-stretch align-items-stretch gutters-col-lg-0 gutters-col-md-0 gutters-col-0 gutters-col-v-lg-0 gutters-col-v-md-0 gutters-col-v-0\">\r\n          <!---->\r\n          <div class=\"h-column h-column-container d-flex h-col-lg-auto h-col-md-auto h-col-auto style-3961-outer style-local-9853-c4-outer\">\r\n            <div data-colibri-id=\"9853-c4\" class=\"d-flex h-flex-basis h-column__inner h-px-lg-0 h-px-md-0 h-px-0 v-inner-lg-0 v-inner-md-0 v-inner-0 style-3961 style-local-9853-c4 position-relative\">\r\n              <!---->\r\n              <!---->\r\n              <div class=\"w-100 h-y-container h-column__content h-column__v-align flex-basis-100 align-self-lg-start align-self-md-start align-self-start\">\r\n                <!---->\r\n                <div data-colibri-id=\"9853-c5\" class=\"h-global-transition-all h-heading style-3962 style-local-9853-c5 position-relative h-element\">\r\n                  <!---->\r\n                  <div class=\"h-heading__outer style-3962 style-local-9853-c5\">\r\n                    <!---->\r\n                    <!---->\r\n                    <h3 class=\"\"><span style=\"font-family: Roboto;\">B\u00e9n\u00e9ficiez de notre exp\u00e9rience en pathologie<\/span><\/h3>\r\n                  <\/div>\r\n                <\/div>\r\n                <div data-colibri-id=\"9853-c6\" class=\"h-text h-text-component style-3963 style-local-9853-c6 position-relative h-element\">\r\n                  <!---->\r\n                  <!---->\r\n                  <div class=\"\">\r\n                    <p>&nbsp;<\/p>\r\n                  <\/div>\r\n                <\/div>\r\n              <\/div>\r\n            <\/div>\r\n          <\/div>\r\n          <div class=\"h-column h-column-container d-flex h-col-lg-auto h-col-md-auto h-col-auto style-3964-outer style-local-9853-c7-outer\">\r\n            <div data-colibri-id=\"9853-c7\" class=\"d-flex h-flex-basis h-column__inner h-ui-empty-state-container h-px-lg-0 h-px-md-0 h-px-0 v-inner-lg-0 v-inner-md-0 v-inner-0 style-3964 style-local-9853-c7 position-relative\">\r\n              <!---->\r\n              <!---->\r\n              <div class=\"w-100 h-y-container h-column__content h-column__v-align flex-basis-100\">\r\n                <!---->\r\n              <\/div>\r\n            <\/div>\r\n          <\/div>\r\n        <\/div>\r\n      <\/div>\r\n    <\/div>\r\n  <\/div>\r\n  <div data-colibri-component=\"section\" data-colibri-id=\"9853-c8\" id=\"home-features\" class=\"h-section h-section-global-spacing d-flex align-items-lg-center align-items-md-center align-items-center style-3965 style-local-9853-c8 position-relative\">\r\n    <!---->\r\n    <!---->\r\n    <div class=\"h-separator\" style=\"height: 100px; bottom: calc(0px);\">\r\n      <svg style=\"fill:rgba(90, 157, 150, 0.25);transform:rotateX(180deg);\" xmlns=\"http:\/\/www.w3.org\/2000\/svg\" viewBox=\"0 0 283.5 18.8\" preserveAspectRatio=\"none\">\r\n        <polygon points=\"0 12.6 0 18.8 141.8 4.1 283.5 18.8 283.5 12.6 141.8 4 0 12.6\" opacity=\"0.25\" style=\"isolation:isolate\"><\/polygon>\r\n        <polygon points=\"283.5 12.6 283.5 6.4 141.8 4 283.5 12.6\" opacity=\"0.5\" style=\"isolation:isolate\"><\/polygon>\r\n        <polygon points=\"0 6.4 0 12.6 141.8 4 0 6.4\" opacity=\"0.5\" style=\"isolation:isolate\"><\/polygon>\r\n        <polygon points=\"0 1.2 0 6.4 141.8 4 0 1.2\" opacity=\"0.75\" style=\"isolation:isolate\"><\/polygon>\r\n        <polygon points=\"283.5 6.4 283.5 1.2 141.8 4 283.5 6.4\" opacity=\"0.75\" style=\"isolation:isolate\"><\/polygon>\r\n        <polygon points=\"0 0 0 1.2 141.8 4 283.5 1.2 283.5 0 0 0\"><\/polygon>\r\n      <\/svg>\r\n    <\/div>\r\n    <div class=\"h-section-grid-container h-section-boxed-container\">\r\n      <!---->\r\n      <div data-colibri-id=\"9853-c9\" class=\"h-row-container gutters-row-lg-2 gutters-row-md-2 gutters-row-0 gutters-row-v-lg-2 gutters-row-v-md-2 gutters-row-v-2 style-3966 style-local-9853-c9 position-relative\">\r\n        <!---->\r\n        <div class=\"h-row justify-content-lg-center justify-content-md-center justify-content-center align-items-lg-stretch align-items-md-stretch align-items-stretch gutters-col-lg-2 gutters-col-md-2 gutters-col-0 gutters-col-v-lg-2 gutters-col-v-md-2 gutters-col-v-2\">\r\n          <!---->\r\n          <div class=\"h-column h-column-container d-flex h-col-lg-auto h-col-md-auto h-col-auto style-3967-outer style-local-9853-c10-outer\">\r\n            <div data-colibri-id=\"9853-c10\" class=\"d-flex h-flex-basis h-column__inner h-px-lg-2 h-px-md-2 h-px-2 v-inner-lg-2 v-inner-md-2 v-inner-2 style-3967 style-local-9853-c10 position-relative\">\r\n              <!---->\r\n              <!---->\r\n              <div class=\"w-100 h-y-container h-column__content h-column__v-align flex-basis-100 align-self-lg-start align-self-md-start align-self-start\">\r\n                <!---->\r\n                <div data-colibri-id=\"9853-c11\" class=\"h-global-transition-all h-heading style-3968 style-local-9853-c11 position-relative h-element\">\r\n                  <!---->\r\n                  <div class=\"h-heading__outer style-3968 style-local-9853-c11\">\r\n                    <!---->\r\n                    <!---->\r\n                    <h1 class=\"\">Conseil<\/h1>\r\n                  <\/div>\r\n                <\/div>\r\n              <\/div>\r\n            <\/div>\r\n          <\/div>\r\n        <\/div>\r\n      <\/div>\r\n      <div data-colibri-id=\"9853-c12\" class=\"h-row-container gutters-row-lg-2 gutters-row-md-2 gutters-row-0 gutters-row-v-lg-2 gutters-row-v-md-2 gutters-row-v-2 style-3969 style-local-9853-c12 position-relative\">\r\n        <!---->\r\n        <div class=\"h-row justify-content-lg-center justify-content-md-center justify-content-center align-items-lg-stretch align-items-md-stretch align-items-stretch gutters-col-lg-2 gutters-col-md-2 gutters-col-0 gutters-col-v-lg-2 gutters-col-v-md-2 gutters-col-v-2\">\r\n          <!---->\r\n          <div class=\"h-column h-column-container d-flex h-col-lg-auto h-col-md-auto h-col-auto style-3970-outer style-local-9853-c13-outer\">\r\n            <div data-colibri-id=\"9853-c13\" class=\"d-flex h-flex-basis h-column__inner h-px-lg-2 h-px-md-2 h-px-2 v-inner-lg-2 v-inner-md-2 v-inner-2 style-3970 style-local-9853-c13 position-relative\">\r\n              <!---->\r\n              <!---->\r\n              <div class=\"w-100 h-y-container h-column__content h-column__v-align flex-basis-100 align-self-lg-start align-self-md-start align-self-start\">\r\n                <!---->\r\n                <div data-colibri-id=\"9853-c14\" class=\"h-lead h-text h-text-component style-3971 style-local-9853-c14 position-relative h-element\">\r\n                  <!---->\r\n                  <!---->\r\n                  <div class=\"\">\r\n                    <p>L&rsquo;objectif de nos conseils est d&rsquo;optimiser les flux de travail dans votre laboratoire de pathologie. Basys Data a plus de 25 ans d&rsquo;exp\u00e9rience dans le domaine de la pathologie. Nous sommes heureux de vous fournir des conseils neutres\r\n                      et ind\u00e9pendants des fournisseurs. Basys Data ne vend pas de mat\u00e9riel. Montrez-nous vos \u00e9quipements et syst\u00e8mes existants et d\u00e9crivez-nous les t\u00e2ches que vous souhaiteriez accomplir plus efficacement. Nous d\u00e9terminerons ensemble le\r\n                      chemin \u00e0 suivre pour atteindre votre objectif.\r\n                      <br>\r\n                      <br>Vous voulez g\u00e9rer votre laboratoire sans papier ?<\/p>\r\n                    <p>Voulez-vous vous appuyer davantage sur la pathologie num\u00e9rique \u00e0 l&rsquo;avenir ?<\/p>\r\n                    <p>Avez-vous besoin d&rsquo;aide pour l&rsquo;introduction des rapports synoptiques ?<\/p>\r\n                    <p>\r\n                      <br>\r\n                    <\/p>\r\n                    <p>Nous serions heureux de vous soutenir.<\/p>\r\n                    <p>\r\n                      <br>\r\n                    <\/p>\r\n                    <p>D\u00e9couvrez les projets mis en \u0153uvre avec succ\u00e8s, comme\r\n                      <a href=\"https:\/\/www.basysdata.ch\/fr\/projets\">l&rsquo;introduction de la pathologie num\u00e9rique pour le diagnostic \u00e0 distance.<\/a>\r\n                    <\/p>\r\n                  <\/div>\r\n                <\/div>\r\n              <\/div>\r\n            <\/div>\r\n          <\/div>\r\n        <\/div>\r\n      <\/div>\r\n    <\/div>\r\n  <\/div>\r\n<\/div>","protected":false},"excerpt":{"rendered":"<p>B\u00e9n\u00e9ficiez de notre exp\u00e9rience en pathologie &nbsp; Conseil L&rsquo;objectif de nos conseils est d&rsquo;optimiser les flux de travail dans votre laboratoire de pathologie. Basys Data a plus de 25 ans d&rsquo;exp\u00e9rience dans le domaine de la pathologie. Nous sommes heureux de vous fournir des conseils neutres et ind\u00e9pendants des fournisseurs. Basys Data ne vend pas [&hellip;]<\/p>\n","protected":false},"author":4,"featured_media":0,"parent":0,"menu_order":0,"comment_status":"closed","ping_status":"closed","template":"page-templates\/full-width-page.php","meta":[],"yoast_head":"<!-- This site is optimized with the Yoast SEO plugin v20.6 - https:\/\/yoast.com\/wordpress\/plugins\/seo\/ -->\n<title>Conseil - Basys Data GmbH<\/title>\n<meta name=\"description\" content=\"L&#039;objectif de nos conseils est d&#039;optimiser les flux de travail dans votre laboratoire de pathologie. Nous sommes heureux de vous fournir des conseils neutres et ind\u00e9pendants des fournisseurs.\" \/>\n<meta name=\"robots\" content=\"index, follow, max-snippet:-1, max-image-preview:large, max-video-preview:-1\" \/>\n<link rel=\"canonical\" href=\"https:\/\/www.basysdata.ch\/fr\/conseil\/\" \/>\n<meta property=\"og:locale\" content=\"fr_FR\" \/>\n<meta property=\"og:type\" content=\"article\" \/>\n<meta property=\"og:title\" content=\"Conseil - Basys Data GmbH\" \/>\n<meta property=\"og:description\" content=\"L&#039;objectif de nos conseils est d&#039;optimiser les flux de travail dans votre laboratoire de pathologie. Nous sommes heureux de vous fournir des conseils neutres et ind\u00e9pendants des fournisseurs.\" \/>\n<meta property=\"og:url\" content=\"https:\/\/www.basysdata.ch\/fr\/conseil\/\" \/>\n<meta property=\"og:site_name\" content=\"Basys Data GmbH\" \/>\n<meta property=\"article:modified_time\" content=\"2021-09-13T14:48:25+00:00\" \/>\n<meta name=\"twitter:card\" content=\"summary_large_image\" \/>\n<meta name=\"twitter:label1\" content=\"Dur\u00e9e de lecture estim\u00e9e\" \/>\n\t<meta name=\"twitter:data1\" content=\"1 minute\" \/>\n<script type=\"application\/ld+json\" class=\"yoast-schema-graph\">{\"@context\":\"https:\/\/schema.org\",\"@graph\":[{\"@type\":\"WebPage\",\"@id\":\"https:\/\/www.basysdata.ch\/fr\/conseil\/\",\"url\":\"https:\/\/www.basysdata.ch\/fr\/conseil\/\",\"name\":\"Conseil - Basys Data GmbH\",\"isPartOf\":{\"@id\":\"https:\/\/www.basysdata.ch\/fr\/#website\"},\"datePublished\":\"2021-05-26T11:15:32+00:00\",\"dateModified\":\"2021-09-13T14:48:25+00:00\",\"description\":\"L'objectif de nos conseils est d'optimiser les flux de travail dans votre laboratoire de pathologie. Nous sommes heureux de vous fournir des conseils neutres et ind\u00e9pendants des fournisseurs.\",\"breadcrumb\":{\"@id\":\"https:\/\/www.basysdata.ch\/fr\/conseil\/#breadcrumb\"},\"inLanguage\":\"fr-FR\",\"potentialAction\":[{\"@type\":\"ReadAction\",\"target\":[\"https:\/\/www.basysdata.ch\/fr\/conseil\/\"]}]},{\"@type\":\"BreadcrumbList\",\"@id\":\"https:\/\/www.basysdata.ch\/fr\/conseil\/#breadcrumb\",\"itemListElement\":[{\"@type\":\"ListItem\",\"position\":1,\"name\":\"Startseite\",\"item\":\"https:\/\/www.basysdata.ch\/fr\/\"},{\"@type\":\"ListItem\",\"position\":2,\"name\":\"Conseil\"}]},{\"@type\":\"WebSite\",\"@id\":\"https:\/\/www.basysdata.ch\/fr\/#website\",\"url\":\"https:\/\/www.basysdata.ch\/fr\/\",\"name\":\"Basys Data GmbH\",\"description\":\"Mehr Effizienz f\u00fcr Ihr Pathologielabor\",\"publisher\":{\"@id\":\"https:\/\/www.basysdata.ch\/fr\/#organization\"},\"potentialAction\":[{\"@type\":\"SearchAction\",\"target\":{\"@type\":\"EntryPoint\",\"urlTemplate\":\"https:\/\/www.basysdata.ch\/fr\/?s={search_term_string}\"},\"query-input\":\"required name=search_term_string\"}],\"inLanguage\":\"fr-FR\"},{\"@type\":\"Organization\",\"@id\":\"https:\/\/www.basysdata.ch\/fr\/#organization\",\"name\":\"Basys Data GmbH\",\"url\":\"https:\/\/www.basysdata.ch\/fr\/\",\"logo\":{\"@type\":\"ImageObject\",\"inLanguage\":\"fr-FR\",\"@id\":\"https:\/\/www.basysdata.ch\/fr\/#\/schema\/logo\/image\/\",\"url\":\"https:\/\/www.basysdata.ch\/wp-content\/uploads\/2021\/07\/basys.png\",\"contentUrl\":\"https:\/\/www.basysdata.ch\/wp-content\/uploads\/2021\/07\/basys.png\",\"width\":180,\"height\":80,\"caption\":\"Basys Data GmbH\"},\"image\":{\"@id\":\"https:\/\/www.basysdata.ch\/fr\/#\/schema\/logo\/image\/\"},\"sameAs\":[\"https:\/\/www.linkedin.com\/company\/basysdata\/\"]}]}<\/script>\n<!-- \/ Yoast SEO plugin. -->","yoast_head_json":{"title":"Conseil - Basys Data GmbH","description":"L'objectif de nos conseils est d'optimiser les flux de travail dans votre laboratoire de pathologie. Nous sommes heureux de vous fournir des conseils neutres et ind\u00e9pendants des fournisseurs.","robots":{"index":"index","follow":"follow","max-snippet":"max-snippet:-1","max-image-preview":"max-image-preview:large","max-video-preview":"max-video-preview:-1"},"canonical":"https:\/\/www.basysdata.ch\/fr\/conseil\/","og_locale":"fr_FR","og_type":"article","og_title":"Conseil - Basys Data GmbH","og_description":"L'objectif de nos conseils est d'optimiser les flux de travail dans votre laboratoire de pathologie. Nous sommes heureux de vous fournir des conseils neutres et ind\u00e9pendants des fournisseurs.","og_url":"https:\/\/www.basysdata.ch\/fr\/conseil\/","og_site_name":"Basys Data GmbH","article_modified_time":"2021-09-13T14:48:25+00:00","twitter_card":"summary_large_image","twitter_misc":{"Dur\u00e9e de lecture estim\u00e9e":"1 minute"},"schema":{"@context":"https:\/\/schema.org","@graph":[{"@type":"WebPage","@id":"https:\/\/www.basysdata.ch\/fr\/conseil\/","url":"https:\/\/www.basysdata.ch\/fr\/conseil\/","name":"Conseil - Basys Data GmbH","isPartOf":{"@id":"https:\/\/www.basysdata.ch\/fr\/#website"},"datePublished":"2021-05-26T11:15:32+00:00","dateModified":"2021-09-13T14:48:25+00:00","description":"L'objectif de nos conseils est d'optimiser les flux de travail dans votre laboratoire de pathologie. Nous sommes heureux de vous fournir des conseils neutres et ind\u00e9pendants des fournisseurs.","breadcrumb":{"@id":"https:\/\/www.basysdata.ch\/fr\/conseil\/#breadcrumb"},"inLanguage":"fr-FR","potentialAction":[{"@type":"ReadAction","target":["https:\/\/www.basysdata.ch\/fr\/conseil\/"]}]},{"@type":"BreadcrumbList","@id":"https:\/\/www.basysdata.ch\/fr\/conseil\/#breadcrumb","itemListElement":[{"@type":"ListItem","position":1,"name":"Startseite","item":"https:\/\/www.basysdata.ch\/fr\/"},{"@type":"ListItem","position":2,"name":"Conseil"}]},{"@type":"WebSite","@id":"https:\/\/www.basysdata.ch\/fr\/#website","url":"https:\/\/www.basysdata.ch\/fr\/","name":"Basys Data GmbH","description":"Mehr Effizienz f\u00fcr Ihr Pathologielabor","publisher":{"@id":"https:\/\/www.basysdata.ch\/fr\/#organization"},"potentialAction":[{"@type":"SearchAction","target":{"@type":"EntryPoint","urlTemplate":"https:\/\/www.basysdata.ch\/fr\/?s={search_term_string}"},"query-input":"required name=search_term_string"}],"inLanguage":"fr-FR"},{"@type":"Organization","@id":"https:\/\/www.basysdata.ch\/fr\/#organization","name":"Basys Data GmbH","url":"https:\/\/www.basysdata.ch\/fr\/","logo":{"@type":"ImageObject","inLanguage":"fr-FR","@id":"https:\/\/www.basysdata.ch\/fr\/#\/schema\/logo\/image\/","url":"https:\/\/www.basysdata.ch\/wp-content\/uploads\/2021\/07\/basys.png","contentUrl":"https:\/\/www.basysdata.ch\/wp-content\/uploads\/2021\/07\/basys.png","width":180,"height":80,"caption":"Basys Data GmbH"},"image":{"@id":"https:\/\/www.basysdata.ch\/fr\/#\/schema\/logo\/image\/"},"sameAs":["https:\/\/www.linkedin.com\/company\/basysdata\/"]}]}},"_links":{"self":[{"href":"https:\/\/www.basysdata.ch\/fr\/wp-json\/wp\/v2\/pages\/9853"}],"collection":[{"href":"https:\/\/www.basysdata.ch\/fr\/wp-json\/wp\/v2\/pages"}],"about":[{"href":"https:\/\/www.basysdata.ch\/fr\/wp-json\/wp\/v2\/types\/page"}],"author":[{"embeddable":true,"href":"https:\/\/www.basysdata.ch\/fr\/wp-json\/wp\/v2\/users\/4"}],"replies":[{"embeddable":true,"href":"https:\/\/www.basysdata.ch\/fr\/wp-json\/wp\/v2\/comments?post=9853"}],"version-history":[{"count":6,"href":"https:\/\/www.basysdata.ch\/fr\/wp-json\/wp\/v2\/pages\/9853\/revisions"}],"predecessor-version":[{"id":10878,"href":"https:\/\/www.basysdata.ch\/fr\/wp-json\/wp\/v2\/pages\/9853\/revisions\/10878"}],"wp:attachment":[{"href":"https:\/\/www.basysdata.ch\/fr\/wp-json\/wp\/v2\/media?parent=9853"}],"curies":[{"name":"wp","href":"https:\/\/api.w.org\/{rel}","templated":true}]}}